{"id":21,"date":"2015-01-26T21:08:37","date_gmt":"2015-01-26T20:08:37","guid":{"rendered":"http:\/\/www.huehnerjaeger.de\/wordpress\/?page_id=21"},"modified":"2015-01-26T22:54:58","modified_gmt":"2015-01-26T21:54:58","slug":"impressum","status":"publish","type":"page","link":"http:\/\/www.huehnerjaeger.de\/?page_id=21","title":{"rendered":"Impressum"},"content":{"rendered":"<p>Junggesellenclub H\u00fchnerj\u00e4ger Hambach<\/p>\n<p><a title=\"Kontakt\" href=\"http:\/\/www.huehnerjaeger.de\/wordpress\/?page_id=19\">Kontakt<\/a><\/p>\n<p>1. Vorstand<\/p>\n<p><span style=\"color: #000000;\">Thomas G\u00f6tz<br \/>\nRingstr. 11<br \/>\n97456 Hambach<\/span><\/p>\n<p>Internetauftritt<br \/>\nStefan Lieblein<\/p>\n<p>Mit Urteil vom 12. Mai 1998 hat das Landgericht Hamburg entschieden, dass man durch die Ausbringung eines Links die Inhalte der gelinkten Seite ggf. mit zu verantworten hat. Dies kann &#8211; so das LG &#8211; nur dadurch verhindert werden, dass man sich ausdr\u00fccklich von diesen Inhalten distanziert. Ich habe auf meinen Seiten Links zu anderen Seiten im Internet gelegt. F\u00fcr all diese Links gilt: Ich m\u00f6chte ausdr\u00fccklich betonen, dass ich keinerlei Einfluss auf die Gestaltung und die Inhalte der gelinkten Seiten habe. Deshalb distanziere ich mich hiermit ausdr\u00fccklich von allen Inhalten aller gelinkten Seiten auf dieser Homepage und mache mir deren Inhalte nicht zu eigen.<\/p>\n","protected":false},"excerpt":{"rendered":"<p>Junggesellenclub H\u00fchnerj\u00e4ger Hambach Kontakt 1. Vorstand Thomas G\u00f6tz Ringstr. 11 97456 Hambach Internetauftritt Stefan Lieblein Mit Urteil vom 12. Mai 1998 hat das Landgericht Hamburg entschieden, dass man durch die Ausbringung eines Links die Inhalte der gelinkten Seite ggf. mit zu verantworten hat. Dies kann &#8211; so das LG &#8211; nur dadurch verhindert werden, dass &hellip; <a href=\"http:\/\/www.huehnerjaeger.de\/?page_id=21\" class=\"more-link\"><span class=\"screen-reader-text\">Impressum<\/span> weiterlesen<\/a><\/p>\n","protected":false},"author":2,"featured_media":0,"parent":0,"menu_order":9,"comment_status":"closed","ping_status":"open","template":"","meta":[],"_links":{"self":[{"href":"http:\/\/www.huehnerjaeger.de\/index.php?rest_route=\/wp\/v2\/pages\/21"}],"collection":[{"href":"http:\/\/www.huehnerjaeger.de\/index.php?rest_route=\/wp\/v2\/pages"}],"about":[{"href":"http:\/\/www.huehnerjaeger.de\/index.php?rest_route=\/wp\/v2\/types\/page"}],"author":[{"embeddable":true,"href":"http:\/\/www.huehnerjaeger.de\/index.php?rest_route=\/wp\/v2\/users\/2"}],"replies":[{"embeddable":true,"href":"http:\/\/www.huehnerjaeger.de\/index.php?rest_route=%2Fwp%2Fv2%2Fcomments&post=21"}],"version-history":[{"count":2,"href":"http:\/\/www.huehnerjaeger.de\/index.php?rest_route=\/wp\/v2\/pages\/21\/revisions"}],"predecessor-version":[{"id":29,"href":"http:\/\/www.huehnerjaeger.de\/index.php?rest_route=\/wp\/v2\/pages\/21\/revisions\/29"}],"wp:attachment":[{"href":"http:\/\/www.huehnerjaeger.de\/index.php?rest_route=%2Fwp%2Fv2%2Fmedia&parent=21"}],"curies":[{"name":"wp","href":"https:\/\/api.w.org\/{rel}","templated":true}]}}