{"id":15,"date":"2015-01-26T21:02:54","date_gmt":"2015-01-26T20:02:54","guid":{"rendered":"http:\/\/www.huehnerjaeger.de\/wordpress\/?page_id=15"},"modified":"2015-01-26T22:10:49","modified_gmt":"2015-01-26T21:10:49","slug":"satzung","status":"publish","type":"page","link":"http:\/\/www.huehnerjaeger.de\/?page_id=15","title":{"rendered":"Satzung"},"content":{"rendered":"<div id=\"content_container\" class=\"content\">\n<p>Satzung des JunggesellenclubsH\u00fchnerj\u00e4ger Hambach<br \/>\n1. Name, Sitz und Zweck des Vereins<\/p>\n<p>a) Der Verein f\u00fchrt den Nahmen &#8222;Junggesellenclub H\u00fchnerj\u00e4ger Hambach&#8220; ( JGC )<\/p>\n<p>b) Der Verein hat seinen Sitz in 97456 Hambach.<\/p>\n<p>c) Der Junggesellenclub H\u00fchnerj\u00e4ger Hambach m\u00f6chte einerseits bei der Dorfjugend<\/p>\n<p>die Beziehungen untereinander durch Veranstaltungen und geselliges Beisammensein<\/p>\n<p>anregen und weiterf\u00fchren, andererseits alte Traditionen und Br\u00e4uche pflegen.<\/p>\n<p>d) Der Verein ist politisch und konfessionell neutral.<br \/>\n2. Mitgliedschaft<\/p>\n<p>a) Mitglied kann jeder Junggeselle(m\u00e4nnlich) werden, der das 18. Lebensjahr vollendet hat.<br \/>\n\u00dcber die Aufnahme entscheidet die Vorstandschaft.<\/p>\n<p>b) Die Mitglieder k\u00f6nnen keine Anspr\u00fcche gegen\u00fcber dem JGC auf Schadenersatz, f\u00fcr<\/p>\n<p>Sch\u00e4den, die bei Veranstaltungen jeglicher Art entstanden sind, geltend machen.<\/p>\n<p>c) Die Mitgliedschaft endet durch Austritt, Ausschluss, Heirat oder Ableben.<\/p>\n<p>Der dem Verein schriftlich zu erkl\u00e4rende Austritt ist nur zum 30.12. eines jeden<\/p>\n<p>Jahres m\u00f6glich.<\/p>\n<p>Ein Mitglied kann aus dem Verein ausgeschlossen werden, wenn er:<\/p>\n<p>1. in grober Weise gegen den Vereinszweck verst\u00f6\u00dft,<\/p>\n<p>2. sich in wiederholter Weise gegen die Vereinssatzung schuldig macht,<\/p>\n<p>3. das Vereinsansehen in der \u00d6ffentlichkeit sch\u00e4digt,<\/p>\n<p>4. oder seiner Beitragspflicht nicht nachkommt.<\/p>\n<p>Ein Mitglied, das freiwillig den JGC verl\u00e4sst, bzw. ausgeschlossen wird, hat keinen<\/p>\n<p>Anspruch mehr auf seine gezahlten Beitr\u00e4ge.<\/p>\n<p>\u00dcber den Ausschluss eines Vereinsmitgliedes entscheidet der Vereinsausschuss.<\/p>\n<p>Dem Mitglied ist vorher Gelegenheit zur Rechtfertigung zu geben. Der Ausschluss<\/p>\n<p>ist dem Mitglied schriftlich mitzuteilen.<\/p>\n<p>Scheidet ein Mitglied auf Grund von Heirat aus dem JGC aus, so ist er verpflichtet<\/p>\n<p>dem Club 100 Liter Bier zu zahlen<br \/>\n3. Vereinsorgane und Vorstandschaft<\/p>\n<p>a) Vereinsorgane sind:<\/p>\n<p>Vorstandschaft<\/p>\n<p>Vereinsausschuss<\/p>\n<p>Mitgliederversammlung<\/p>\n<p>2 Kassenpr\u00fcfer<\/p>\n<p>b) Die Vorstandschaft besteht aus:<\/p>\n<p>1. Vorsitzender<\/p>\n<p>2. Vorsitzender<\/p>\n<p>Kassier<\/p>\n<p>Schriftf\u00fchrer<\/p>\n<p>c) Der Vereinsausschuss besteht aus:<\/p>\n<p>Vorstandschaft<\/p>\n<p>3 Beisitzer<br \/>\n4. Aufgaben der Vereinsorgane<\/p>\n<p>a) Der Vorstandschaft unterliegt die Organisation der dem Verein obliegenden<\/p>\n<p>Aufgaben.<\/p>\n<p>Der 1. und 2. Vorsitzende vertreten den Verein gemeinsam.<\/p>\n<p>Die Vertreter des Vereins k\u00f6nnen Gesch\u00e4fte bis 200.&#8211;EURO im Einzelfall allein<\/p>\n<p>abschlie\u00dfen.<\/p>\n<p>Die Vorstandschaft kann \u00fcber Gesch\u00e4fte bis 1500.&#8211;EURO im Einzelfall allein<\/p>\n<p>entscheiden.<\/p>\n<p>b) Die Aufgaben des Vereinsausschusses liegen in der st\u00e4ndigen Mitwirkung bei der<\/p>\n<p>F\u00fchrung der Gesch\u00e4fte durch den Vorstand.<\/p>\n<p>c) Die Mitgliederversammlung beschlie\u00dft \u00fcber Vereinsbeitrag, die Entlastung der<\/p>\n<p>Vorstandschaft bei Aus\u00fcbung ihrer Aufgaben, Entlastung der Beisitzer, Wahl der<\/p>\n<p>Vorstandschaft, der Beisitzer und der Kassenpr\u00fcfer, \u00fcber Satzungs\u00e4nderungen sowie<\/p>\n<p>\u00fcber alle Punkte der Tagesordnung.<\/p>\n<p>Die Mitgliederversammlung findet j\u00e4hrlich statt und ist ohne R\u00fccksicht auf die Zahl<\/p>\n<p>der erschienenden Mitglieder beschlussf\u00e4hig.<\/p>\n<p>d) Die Kassenpr\u00fcfer haben die Kasse j\u00e4hrlich zu pr\u00fcfen.<\/p>\n<p>e) \u00dcber die Sitzung der Vereinsorgane ist Protokoll zu f\u00fchren.<\/p>\n<p>d) Die Vereinsorgane entscheiden mit einfacher Mehrheit.<br \/>\n5. Wahl der Vorstandschaft, Beisitzer und Kassenpr\u00fcfer<\/p>\n<p>Die Vorstandschaft, die Beisitzer und die Kassenpr\u00fcfer werden zweij\u00e4hrlich durch die<\/p>\n<p>Mitgliederversammlung in freier, geheimer, unmittelbarer und gleicher Wahl gew\u00e4hlt.<\/p>\n<p>Alle Mitglieder besitzen aktives und passives Wahlrecht.<br \/>\n6. Beitr\u00e4ge<\/p>\n<p>Die Beitr\u00e4ge werden per Lastschrift j\u00e4hrlich vom Konto eines jeden Mitgliedes<\/p>\n<p>eingezogen. Barzahlung ist nicht m\u00f6glich.<\/p>\n<p>Die H\u00f6he der Beitr\u00e4ge wird durch die Mitgliederversammlung festgesetzt.<\/p>\n<p>Alle Einnahmen (Beitr\u00e4ge, Spenden, Gewinne aus Veranstaltungen) d\u00fcrfen nur f\u00fcr<\/p>\n<p>den in der Satzung festgelegten Zweck verwendet werden.<br \/>\n7. Aufl\u00f6sung des Vereins<\/p>\n<p>\u00dcber die Aufl\u00f6sung entscheidet die Mitgliederversammlung mit einer Mehrheit von<\/p>\n<p>75 von Hundert der anwesenden Mitglieder.<\/p>\n<p>Im Falle einer Aufl\u00f6sung des JGC ist das Vereinsverm\u00f6gen zu gemeinn\u00fctzigen<\/p>\n<p>Zwecken zu verwenden.<br \/>\n8. Ehrenmitglieder<\/p>\n<p>Ehrenmitglieder k\u00f6nnen nur ernannt werden, wenn der Vereinsausschuss dies<\/p>\n<p>beschlossen hat.<\/p>\n<p>Die Ehrenmitglieder m\u00fcssen sich um den Verein in hervorragender Weise verdient<\/p>\n<p>gemacht haben.<\/p>\n<p>Ehrenmitglieder zahlen keine Beitr\u00e4ge.<\/p>\n<p>Die Satzung wurde bei der Mitgliederversammlung am 10.12.1995 vorgelegt und genehmigt.<\/p>\n<p>Sie tritt am 10.12.1995 in Kraft. Eine Satzungs\u00e4nderung wurde am 21.01.2007 und 25.03.2007 vorgenommen.<\/p>\n<\/div>\n","protected":false},"excerpt":{"rendered":"<p>Satzung des JunggesellenclubsH\u00fchnerj\u00e4ger Hambach 1. Name, Sitz und Zweck des Vereins a) Der Verein f\u00fchrt den Nahmen &#8222;Junggesellenclub H\u00fchnerj\u00e4ger Hambach&#8220; ( JGC ) b) Der Verein hat seinen Sitz in 97456 Hambach. c) Der Junggesellenclub H\u00fchnerj\u00e4ger Hambach m\u00f6chte einerseits bei der Dorfjugend die Beziehungen untereinander durch Veranstaltungen und geselliges Beisammensein anregen und weiterf\u00fchren, andererseits alte &hellip; <a href=\"http:\/\/www.huehnerjaeger.de\/?page_id=15\" class=\"more-link\"><span class=\"screen-reader-text\">Satzung<\/span> weiterlesen<\/a><\/p>\n","protected":false},"author":2,"featured_media":0,"parent":0,"menu_order":4,"comment_status":"closed","ping_status":"open","template":"","meta":[],"_links":{"self":[{"href":"http:\/\/www.huehnerjaeger.de\/index.php?rest_route=\/wp\/v2\/pages\/15"}],"collection":[{"href":"http:\/\/www.huehnerjaeger.de\/index.php?rest_route=\/wp\/v2\/pages"}],"about":[{"href":"http:\/\/www.huehnerjaeger.de\/index.php?rest_route=\/wp\/v2\/types\/page"}],"author":[{"embeddable":true,"href":"http:\/\/www.huehnerjaeger.de\/index.php?rest_route=\/wp\/v2\/users\/2"}],"replies":[{"embeddable":true,"href":"http:\/\/www.huehnerjaeger.de\/index.php?rest_route=%2Fwp%2Fv2%2Fcomments&post=15"}],"version-history":[{"count":1,"href":"http:\/\/www.huehnerjaeger.de\/index.php?rest_route=\/wp\/v2\/pages\/15\/revisions"}],"predecessor-version":[{"id":16,"href":"http:\/\/www.huehnerjaeger.de\/index.php?rest_route=\/wp\/v2\/pages\/15\/revisions\/16"}],"wp:attachment":[{"href":"http:\/\/www.huehnerjaeger.de\/index.php?rest_route=%2Fwp%2Fv2%2Fmedia&parent=15"}],"curies":[{"name":"wp","href":"https:\/\/api.w.org\/{rel}","templated":true}]}}